{"id":3618,"date":"2018-03-23T00:40:24","date_gmt":"2018-03-23T00:40:24","guid":{"rendered":"http:\/\/perfil4.com.br\/blog\/?page_id=3618"},"modified":"2025-12-02T12:26:13","modified_gmt":"2025-12-02T12:26:13","slug":"tecnologia-da-informacao","status":"publish","type":"page","link":"https:\/\/perfil4.com.br\/blog\/index.php\/tecnologia-da-informacao\/","title":{"rendered":"Tecnologia da Informa\u00e7\u00e3o"},"content":{"rendered":"<h2 style=\"text-align: center;\">SERVI\u00c7OS EM TI<\/h2>\n<ul>\n<li>Suporte a rede l\u00f3gica, Windows Desktop, Windows Server, Storage;<\/li>\n<li>Trabalhamos com t\u00e9cnicos capacitados para deixar seu ambiente de inform\u00e1tica em total funcionamento. Seja com Windows 11, Servidores Windows, configura\u00e7\u00e3o de backup em Storage;<\/li>\n<li>Solu\u00e7\u00e3o Cloud Google ou Microsoft;<\/li>\n<li>Manuten\u00e7\u00e3o em anti-v\u00edrus da rede e Firewall deixando seu ambiente seguro contra invas\u00f5es, V\u00edrus, SPAM, Malware, Phishing etc&#8230;<\/li>\n<li>Instala\u00e7\u00e3o e atualiza\u00e7\u00e3o de sistema operacional, formata\u00e7\u00e3o, correio eletr\u00f4nico, Office;<\/li>\n<li>Est\u00e1 com a m\u00e1quina lenta ou apresentando problemas? Nossos t\u00e9cnicos formatam seus equipamentos com seguran\u00e7a, deixando como era antes sem perder nenhum tipo de dados;<\/li>\n<li>Configuramos o Outlook como seu correio eletr\u00f4nico corporativo, assim como toda a ferramenta da Microsoft.<\/li>\n<li>Configura\u00e7\u00e3o, atualiza\u00e7\u00e3o de firmware em modens ADSL, equipamentos Wireless e micro computadores quando necess\u00e1rio;<\/li>\n<li>Configuramos Modens ADSL para maior estabilidade em sua internet, fazemos um estudo para melhor solu\u00e7\u00e3o Wireless em seu ambiente. Deixamos seus equipamentos sempre atualizados para maior seguran\u00e7a;<\/li>\n<li>Configuramos impressoras e seus recursos como scanner para funcionar em rede com o servidor e tamb\u00e9m com as esta\u00e7\u00f5es de trabalho;<\/li>\n<li>Servi\u00e7o de Help Desk remoto;<\/li>\n<li>Nosso atendimento \u00e9 atrav\u00e9s de acesso remoto para maior agilidade e levar uma r\u00e1pida solu\u00e7\u00e3o para sua empresa;<\/li>\n<\/ul>\n","protected":false},"excerpt":{"rendered":"<p>SERVI\u00c7OS EM TI Suporte a rede l\u00f3gica, Windows Desktop, Windows Server, Storage; Trabalhamos com t\u00e9cnicos capacitados para deixar seu ambiente de inform\u00e1tica em total funcionamento. Seja com Windows 11, Servidores Windows, configura\u00e7\u00e3o de backup em Storage; Solu\u00e7\u00e3o Cloud Google ou Microsoft; Manuten\u00e7\u00e3o em anti-v\u00edrus da rede e Firewall deixando seu ambiente seguro contra invas\u00f5es, V\u00edrus, [&hellip;]<\/p>\n","protected":false},"author":1,"featured_media":0,"parent":0,"menu_order":0,"comment_status":"closed","ping_status":"closed","template":"","meta":{"_bbp_topic_count":0,"_bbp_reply_count":0,"_bbp_total_topic_count":0,"_bbp_total_reply_count":0,"_bbp_voice_count":0,"_bbp_anonymous_reply_count":0,"_bbp_topic_count_hidden":0,"_bbp_reply_count_hidden":0,"_bbp_forum_subforum_count":0,"_exactmetrics_skip_tracking":false,"_exactmetrics_sitenote_active":false,"_exactmetrics_sitenote_note":"","_exactmetrics_sitenote_category":0,"footnotes":""},"class_list":["post-3618","page","type-page","status-publish","hentry"],"_links":{"self":[{"href":"https:\/\/perfil4.com.br\/blog\/index.php\/wp-json\/wp\/v2\/pages\/3618","targetHints":{"allow":["GET"]}}],"collection":[{"href":"https:\/\/perfil4.com.br\/blog\/index.php\/wp-json\/wp\/v2\/pages"}],"about":[{"href":"https:\/\/perfil4.com.br\/blog\/index.php\/wp-json\/wp\/v2\/types\/page"}],"author":[{"embeddable":true,"href":"https:\/\/perfil4.com.br\/blog\/index.php\/wp-json\/wp\/v2\/users\/1"}],"replies":[{"embeddable":true,"href":"https:\/\/perfil4.com.br\/blog\/index.php\/wp-json\/wp\/v2\/comments?post=3618"}],"version-history":[{"count":12,"href":"https:\/\/perfil4.com.br\/blog\/index.php\/wp-json\/wp\/v2\/pages\/3618\/revisions"}],"predecessor-version":[{"id":3729,"href":"https:\/\/perfil4.com.br\/blog\/index.php\/wp-json\/wp\/v2\/pages\/3618\/revisions\/3729"}],"wp:attachment":[{"href":"https:\/\/perfil4.com.br\/blog\/index.php\/wp-json\/wp\/v2\/media?parent=3618"}],"curies":[{"name":"wp","href":"https:\/\/api.w.org\/{rel}","templated":true}]}}